{"id":10091,"date":"2024-07-29T13:15:11","date_gmt":"2024-07-29T10:15:11","guid":{"rendered":"https:\/\/www.fikrialem.com.tr\/?page_id=10091"},"modified":"2024-08-02T13:16:16","modified_gmt":"2024-08-02T10:16:16","slug":"influencer-partnerligi","status":"publish","type":"page","link":"https:\/\/www.fikrialem.com.tr\/tr\/influencer-partnerligi\/","title":{"rendered":"INFLUENCER PARTNERL\u0130\u011e\u0130"},"content":{"rendered":"<section data-us-scroll=\"{&quot;from_initial_position&quot;:&quot;0&quot;,&quot;start_position&quot;:&quot;0%&quot;,&quot;end_position&quot;:&quot;75%&quot;,&quot;delay&quot;:&quot;0.2s&quot;,&quot;translate_y_direction&quot;:&quot;down&quot;,&quot;translate_y_speed&quot;:&quot;0.3x&quot;,&quot;scale_direction&quot;:&quot;down&quot;,&quot;scale_speed&quot;:&quot;0.6x&quot;}\" class=\"l-section wpb_row has_scroll_effects has_translate_y has_scale height_custom width_full with_img\"><div class=\"l-section-img\" role=\"img\" data-img-width=\"1920\" data-img-height=\"913\" style=\"background-image: url(https:\/\/www.fikrialem.com.tr\/wp-content\/uploads\/2024\/07\/infuluser-head-img.jpg);\"><\/div><div class=\"l-section-h i-cf\"><div class=\"g-cols vc_row via_grid cols_1 laptops-cols_inherit tablets-cols_inherit mobiles-cols_1 valign_top type_default stacking_default\"><div data-us-scroll=\"{&quot;from_initial_position&quot;:&quot;0&quot;,&quot;start_position&quot;:&quot;0%&quot;,&quot;end_position&quot;:&quot;100%&quot;,&quot;delay&quot;:&quot;0.1s&quot;}\" class=\"wpb_column vc_column_container has_scroll_effects\"><div class=\"vc_column-inner\"><div class=\"w-separator size_custom\" style=\"height:300px\" id=\"d18d\"><style>@media(max-width:600px){ #d18d{height:100px!important}}<\/style><\/div><h1 class=\"w-post-elm post_title us_custom_e66ae6ff has_text_color align_center entry-title\">INFLUENCER PARTNERL\u0130\u011e\u0130<\/h1><div class=\"w-separator size_custom\" style=\"height:300px\" id=\"z777\"><style>@media(max-width:600px){ #z777{height:100px!important}}<\/style><\/div><\/div><\/div><\/div><\/div><\/section><section class=\"l-section wpb_row height_custom\"><div class=\"l-section-h i-cf\"><div class=\"g-cols vc_row via_grid cols_1 laptops-cols_inherit tablets-cols_inherit mobiles-cols_1 valign_top type_default stacking_default\"><div class=\"wpb_column vc_column_container\"><div class=\"vc_column-inner\"><div class=\"wpb_text_column us_custom_6745946f has_text_color\"><div class=\"wpb_wrapper\"><h2>Payla\u015f\u0131mlar\u0131n\u0131z\u0131 b\u00fcy\u00fck markalarla bulu\u015ftural\u0131m. <\/h2>\n<\/div><\/div><div class=\"w-separator size_small\"><\/div><div class=\"wpb_text_column\"><div class=\"wpb_wrapper\"><p>Payla\u015f\u0131mlar\u0131n\u0131z\u0131 kazanca d\u00f6n\u00fc\u015ft\u00fcrmek, b\u00fcy\u00fck markalarla ortak i\u00e7erikler olu\u015fturmak istiyorsan\u0131z do\u011fru yerdesiniz.\u00a0 Sosyal medyay\u0131 aktif kullan\u0131yorsan\u0131z, takip\u00e7ileriniz ve etkile\u015fimleriniz organikse hemen kay\u0131t olun, size uygun markalar ile i\u015f birlikleri yapmaya ba\u015flay\u0131n.<\/p>\n<\/div><\/div><div class=\"w-separator size_medium\"><\/div><div class=\"wpb_text_column us_custom_6745946f has_text_color\"><div class=\"wpb_wrapper\"><h3><strong>Ba\u015fvuru Ko\u015fullar\u0131:<\/strong><\/h3>\n<\/div><\/div><div class=\"w-separator size_small\"><\/div><div class=\"wpb_text_column\"><div class=\"wpb_wrapper\"><ul>\n<li>Aktif oldu\u011funuz kanallardan birinde <strong>minimum 1.000 takip\u00e7iniz<\/strong> olmas\u0131 gereklidir.<\/li>\n<li>Be\u011feni, yorum, izlenme gibi <strong>t\u00fcm etkile\u015fimlerinizin organik<\/strong> olmas\u0131 gerekir.<\/li>\n<li>Ki\u015fisel verilerinizi i\u015flememiz i\u00e7in izin vermi\u015f oldu\u011funuzu kabul etmi\u015f olursunuz.<\/li>\n<li>\u00d6zel hesaplar ba\u015fvuru yapamamaktad\u0131r.<\/li>\n<\/ul>\n<\/div><\/div><div class=\"w-separator size_medium\"><\/div><div class=\"wpb_text_column us_custom_6745946f has_text_color\"><div class=\"wpb_wrapper\"><h2><strong>Ba\u015fvuru Formu:<\/strong><\/h2>\n<\/div><\/div><div class=\"w-separator size_small\"><\/div><div class=\"w-html\"><div id=\"quform-12c0e3\" class=\"quform quform-1 quform-support-page-caching\"><form id=\"quform-form-12c0e3\" class=\"quform-form quform-form-1\" action=\"\/tr\/wp-json\/wp\/v2\/pages\/10091#quform-12c0e3\" method=\"post\" enctype=\"multipart\/form-data\" novalidate=\"novalidate\" data-options=\"{&quot;id&quot;:1,&quot;uniqueId&quot;:&quot;12c0e3&quot;,&quot;theme&quot;:&quot;&quot;,&quot;ajax&quot;:true,&quot;logic&quot;:{&quot;logic&quot;:[],&quot;dependents&quot;:[],&quot;elementIds&quot;:[],&quot;dependentElementIds&quot;:[],&quot;animate&quot;:true},&quot;currentPageId&quot;:1,&quot;errorsIcon&quot;:&quot;&quot;,&quot;updateFancybox&quot;:true,&quot;hasPages&quot;:false,&quot;pages&quot;:[1],&quot;pageProgressType&quot;:&quot;numbers&quot;,&quot;tooltipsEnabled&quot;:true,&quot;tooltipClasses&quot;:&quot;qtip-quform-dark qtip-shadow&quot;,&quot;tooltipMy&quot;:&quot;left center&quot;,&quot;tooltipAt&quot;:&quot;right center&quot;,&quot;isRtl&quot;:false,&quot;scrollOffset&quot;:-50,&quot;scrollSpeed&quot;:800}\"><button class=\"quform-default-submit\" name=\"quform_submit\" type=\"submit\" value=\"submit\" aria-hidden=\"true\" tabindex=\"-1\"><\/button><div class=\"quform-form-inner quform-form-inner-1\"><input type=\"hidden\" name=\"quform_form_id\" value=\"1\" \/><input type=\"hidden\" name=\"quform_form_uid\" value=\"12c0e3\" \/><input type=\"hidden\" name=\"quform_count\" value=\"1\" \/><input type=\"hidden\" name=\"form_url\" value=\"https:\/\/www.fikrialem.com.tr\/tr\/wp-json\/wp\/v2\/pages\/10091\" \/><input type=\"hidden\" name=\"referring_url\" value=\"\" \/><input type=\"hidden\" name=\"post_id\" value=\"\" \/><input type=\"hidden\" name=\"post_title\" value=\"\" \/><input type=\"hidden\" name=\"quform_current_page_id\" value=\"1\" \/><input type=\"hidden\" name=\"quform_csrf_token\" value=\"tOUo6EozohbjpmKtE29EYV3u1MDRsrWSsI2nhNWh\" \/><div class=\"quform-elements quform-elements-1 quform-cf quform-responsive-elements-phone-landscape\"><div class=\"quform-element quform-element-page quform-page-1 quform-page-1_1 quform-cf quform-group-style-plain quform-first-page quform-last-page quform-current-page\"><div class=\"quform-child-elements\"><div class=\"quform-element quform-element-row quform-element-row-1_3 quform-2-columns quform-element-row-size-fixed quform-responsive-columns-phone-landscape\"><div class=\"quform-element quform-element-column quform-element-1_4\"><div class=\"quform-element quform-element-text quform-element-1_7 quform-cf quform-labels-left quform-element-required\"><div class=\"quform-spacer\"><div class=\"quform-label quform-label-1_7\"><label class=\"quform-label-text\" for=\"quform_1_7_12c0e3\">Ad\u0131 ve Soyad\u0131:<span class=\"quform-required\">*<\/span><\/label><\/div><div class=\"quform-inner quform-inner-text quform-inner-1_7 quform-field-size-slim\"><div class=\"quform-input quform-input-text quform-input-1_7 quform-cf\"><input type=\"text\" id=\"quform_1_7_12c0e3\" name=\"quform_1_7\" class=\"quform-field quform-field-text quform-field-1_7 formorta\" \/><\/div><\/div><\/div><\/div><\/div><div class=\"quform-element quform-element-column quform-element-1_5\"><div class=\"quform-element quform-element-text quform-element-1_6 quform-cf quform-labels-left quform-element-required\"><div class=\"quform-spacer\"><div class=\"quform-label quform-label-1_6\"><label class=\"quform-label-text\" for=\"quform_1_6_12c0e3\">Ya\u015fad\u0131\u011f\u0131n\u0131z \u015eehir:<span class=\"quform-required\">*<\/span><\/label><\/div><div class=\"quform-inner quform-inner-text quform-inner-1_6 quform-field-size-slim\"><div class=\"quform-input quform-input-text quform-input-1_6 quform-cf\"><input type=\"text\" id=\"quform_1_6_12c0e3\" name=\"quform_1_6\" class=\"quform-field quform-field-text quform-field-1_6 formorta\" \/><\/div><\/div><\/div><\/div><\/div><\/div><div class=\"quform-element quform-element-row quform-element-row-1_8 quform-2-columns quform-element-row-size-fixed quform-responsive-columns-phone-landscape\"><div class=\"quform-element quform-element-column quform-element-1_9\"><div class=\"quform-element quform-element-email quform-element-1_13 quform-cf quform-labels-left quform-element-required\"><div class=\"quform-spacer\"><div class=\"quform-label quform-label-1_13\"><label class=\"quform-label-text\" for=\"quform_1_13_12c0e3\">E-posta adresi<span class=\"quform-required\">*<\/span><\/label><\/div><div class=\"quform-inner quform-inner-email quform-inner-1_13 quform-field-size-slim\"><div class=\"quform-input quform-input-email quform-input-1_13 quform-cf\"><input type=\"email\" id=\"quform_1_13_12c0e3\" name=\"quform_1_13\" class=\"quform-field quform-field-email quform-field-1_13\" \/><\/div><\/div><\/div><\/div><\/div><div class=\"quform-element quform-element-column quform-element-1_11\"><div class=\"quform-element quform-element-text quform-element-1_12 quform-cf quform-labels-left quform-element-required\"><div class=\"quform-spacer\"><div class=\"quform-label quform-label-1_12\"><label class=\"quform-label-text\" for=\"quform_1_12_12c0e3\">Telefon Numaras\u0131:<span class=\"quform-required\">*<\/span><\/label><\/div><div class=\"quform-inner quform-inner-text quform-inner-1_12 quform-field-size-slim\"><div class=\"quform-input quform-input-text quform-input-1_12 quform-cf\"><input type=\"text\" id=\"quform_1_12_12c0e3\" name=\"quform_1_12\" class=\"quform-field quform-field-text quform-field-1_12 formorta\" \/><\/div><\/div><\/div><\/div><\/div><\/div><div class=\"quform-element quform-element-html quform-element-1_19 quform-cf\"><div class=\"quform-spacer\"><br><br><\/div><\/div><div class=\"quform-element quform-element-row quform-element-row-1_14 quform-2-columns quform-element-row-size-fixed quform-responsive-columns-phone-landscape\"><div class=\"quform-element quform-element-column quform-element-1_15\"><div class=\"quform-element quform-element-text quform-element-1_16 quform-cf quform-labels-left quform-element-optional\"><div class=\"quform-spacer\"><div class=\"quform-label quform-label-1_16\"><label class=\"quform-label-text\" for=\"quform_1_16_12c0e3\">Instagram Hesab\u0131n\u0131z: <\/label><\/div><div class=\"quform-inner quform-inner-text quform-inner-1_16 quform-field-size-slim\"><div class=\"quform-input quform-input-text quform-input-1_16 quform-cf\"><input type=\"text\" id=\"quform_1_16_12c0e3\" name=\"quform_1_16\" class=\"quform-field quform-field-text quform-field-1_16 formorta\" placeholder=\"instagram.com\/\" \/><\/div><\/div><\/div><\/div><\/div><div class=\"quform-element quform-element-column quform-element-1_17\"><div class=\"quform-element quform-element-text quform-element-1_18 quform-cf quform-labels-left quform-element-optional\"><div class=\"quform-spacer\"><div class=\"quform-label quform-label-1_18\"><label class=\"quform-label-text\" for=\"quform_1_18_12c0e3\">Instagram Takip\u00e7i Say\u0131n\u0131z:<\/label><\/div><div class=\"quform-inner quform-inner-text quform-inner-1_18 quform-field-size-slim\"><div class=\"quform-input quform-input-text quform-input-1_18 quform-cf\"><input type=\"text\" id=\"quform_1_18_12c0e3\" name=\"quform_1_18\" class=\"quform-field quform-field-text quform-field-1_18 formorta\" \/><\/div><\/div><\/div><\/div><\/div><\/div><div class=\"quform-element quform-element-row quform-element-row-1_20 quform-2-columns quform-element-row-size-fixed quform-responsive-columns-phone-landscape\"><div class=\"quform-element quform-element-column quform-element-1_21\"><div class=\"quform-element quform-element-text quform-element-1_22 quform-cf quform-labels-left quform-element-optional\"><div class=\"quform-spacer\"><div class=\"quform-label quform-label-1_22\"><label class=\"quform-label-text\" for=\"quform_1_22_12c0e3\">Tiktok Hesab\u0131n\u0131z:<\/label><\/div><div class=\"quform-inner quform-inner-text quform-inner-1_22 quform-field-size-slim\"><div class=\"quform-input quform-input-text quform-input-1_22 quform-cf\"><input type=\"text\" id=\"quform_1_22_12c0e3\" name=\"quform_1_22\" class=\"quform-field quform-field-text quform-field-1_22 formorta\" placeholder=\"tiktok.com\/\" \/><\/div><\/div><\/div><\/div><\/div><div class=\"quform-element quform-element-column quform-element-1_23\"><div class=\"quform-element quform-element-text quform-element-1_24 quform-cf quform-labels-left quform-element-optional\"><div class=\"quform-spacer\"><div class=\"quform-label quform-label-1_24\"><label class=\"quform-label-text\" for=\"quform_1_24_12c0e3\">Tiktok Takip\u00e7i Say\u0131n\u0131z:<\/label><\/div><div class=\"quform-inner quform-inner-text quform-inner-1_24 quform-field-size-slim\"><div class=\"quform-input quform-input-text quform-input-1_24 quform-cf\"><input type=\"text\" id=\"quform_1_24_12c0e3\" name=\"quform_1_24\" class=\"quform-field quform-field-text quform-field-1_24 formorta\" \/><\/div><\/div><\/div><\/div><\/div><\/div><div class=\"quform-element quform-element-row quform-element-row-1_25 quform-2-columns quform-element-row-size-fixed quform-responsive-columns-phone-landscape\"><div class=\"quform-element quform-element-column quform-element-1_26\"><div class=\"quform-element quform-element-text quform-element-1_27 quform-cf quform-labels-left quform-element-optional\"><div class=\"quform-spacer\"><div class=\"quform-label quform-label-1_27\"><label class=\"quform-label-text\" for=\"quform_1_27_12c0e3\">Youtube Hesab\u0131n\u0131z:<\/label><\/div><div class=\"quform-inner quform-inner-text quform-inner-1_27 quform-field-size-slim\"><div class=\"quform-input quform-input-text quform-input-1_27 quform-cf\"><input type=\"text\" id=\"quform_1_27_12c0e3\" name=\"quform_1_27\" class=\"quform-field quform-field-text quform-field-1_27 formorta\" placeholder=\"youtube.com\/\" \/><\/div><\/div><\/div><\/div><\/div><div class=\"quform-element quform-element-column quform-element-1_28\"><div class=\"quform-element quform-element-text quform-element-1_29 quform-cf quform-labels-left quform-element-optional\"><div class=\"quform-spacer\"><div class=\"quform-label quform-label-1_29\"><label class=\"quform-label-text\" for=\"quform_1_29_12c0e3\">Youtube Takip\u00e7i Say\u0131n\u0131z:<\/label><\/div><div class=\"quform-inner quform-inner-text quform-inner-1_29 quform-field-size-slim\"><div class=\"quform-input quform-input-text quform-input-1_29 quform-cf\"><input type=\"text\" id=\"quform_1_29_12c0e3\" name=\"quform_1_29\" class=\"quform-field quform-field-text quform-field-1_29 formorta\" \/><\/div><\/div><\/div><\/div><\/div><\/div><div class=\"quform-element quform-element-html quform-element-1_30 quform-cf\"><div class=\"quform-spacer\"><br><br><\/div><\/div><div class=\"quform-element quform-element-html quform-element-1_31 quform-cf\"><div class=\"quform-spacer\"><h2><span style=\"color: #ff0005;\">Payla\u015f\u0131m Yapt\u0131\u011f\u0131n\u0131z <u>Kategoriler\u00a0<\/u><\/span><\/h2>\n<span style=\"color: #ff0005;\">(Sadece yo\u011funla\u015ft\u0131\u011f\u0131n\u0131z kategori veya kategorileri se\u00e7iniz)<\/span><\/div><\/div><div class=\"quform-element quform-element-checkbox quform-element-1_32 quform-cf quform-element-required\"><div class=\"quform-spacer\"><div class=\"quform-inner quform-inner-checkbox quform-inner-1_32\"><div class=\"quform-input quform-input-checkbox quform-input-1_32 quform-cf\"><div class=\"quform-options quform-cf quform-options-columns quform-4-columns quform-responsive-columns-phone-landscape quform-options-simple\"><div class=\"quform-option\"><input type=\"checkbox\" name=\"quform_1_32[]\" id=\"quform_1_32_12c0e3_1\" class=\"quform-field quform-field-checkbox quform-field-1_32 quform-field-1_32_1\" value=\"Moda\" \/><label for=\"quform_1_32_12c0e3_1\" class=\"quform-option-label quform-option-label-1_32_1\"><span class=\"quform-option-text\">Moda<\/span><\/label><\/div><div class=\"quform-option\"><input type=\"checkbox\" name=\"quform_1_32[]\" id=\"quform_1_32_12c0e3_2\" class=\"quform-field quform-field-checkbox quform-field-1_32 quform-field-1_32_2\" value=\"Kozmetik\" \/><label for=\"quform_1_32_12c0e3_2\" class=\"quform-option-label quform-option-label-1_32_2\"><span class=\"quform-option-text\">Kozmetik<\/span><\/label><\/div><div class=\"quform-option\"><input type=\"checkbox\" name=\"quform_1_32[]\" id=\"quform_1_32_12c0e3_3\" class=\"quform-field quform-field-checkbox quform-field-1_32 quform-field-1_32_3\" value=\"Spor\" \/><label for=\"quform_1_32_12c0e3_3\" class=\"quform-option-label quform-option-label-1_32_3\"><span class=\"quform-option-text\">Spor<\/span><\/label><\/div><div class=\"quform-option\"><input type=\"checkbox\" name=\"quform_1_32[]\" id=\"quform_1_32_12c0e3_4\" class=\"quform-field quform-field-checkbox quform-field-1_32 quform-field-1_32_4\" value=\"Seyahat\" \/><label for=\"quform_1_32_12c0e3_4\" class=\"quform-option-label quform-option-label-1_32_4\"><span class=\"quform-option-text\">Seyahat<\/span><\/label><\/div><div class=\"quform-option\"><input type=\"checkbox\" name=\"quform_1_32[]\" id=\"quform_1_32_12c0e3_5\" class=\"quform-field quform-field-checkbox quform-field-1_32 quform-field-1_32_5\" value=\"Aile ve \u00c7ocuk\" \/><label for=\"quform_1_32_12c0e3_5\" class=\"quform-option-label quform-option-label-1_32_5\"><span class=\"quform-option-text\">Aile ve \u00c7ocuk<\/span><\/label><\/div><div class=\"quform-option\"><input type=\"checkbox\" name=\"quform_1_32[]\" id=\"quform_1_32_12c0e3_6\" class=\"quform-field quform-field-checkbox quform-field-1_32 quform-field-1_32_6\" value=\"\u0130ndirimler\" \/><label for=\"quform_1_32_12c0e3_6\" class=\"quform-option-label quform-option-label-1_32_6\"><span class=\"quform-option-text\">\u0130ndirimler<\/span><\/label><\/div><div class=\"quform-option\"><input type=\"checkbox\" name=\"quform_1_32[]\" id=\"quform_1_32_12c0e3_7\" class=\"quform-field quform-field-checkbox quform-field-1_32 quform-field-1_32_7\" value=\"Al\u0131\u015fveri\u015f\" \/><label for=\"quform_1_32_12c0e3_7\" class=\"quform-option-label quform-option-label-1_32_7\"><span class=\"quform-option-text\">Al\u0131\u015fveri\u015f<\/span><\/label><\/div><div class=\"quform-option\"><input type=\"checkbox\" name=\"quform_1_32[]\" id=\"quform_1_32_12c0e3_8\" class=\"quform-field quform-field-checkbox quform-field-1_32 quform-field-1_32_8\" value=\"L\u00fcks Ya\u015fam\" \/><label for=\"quform_1_32_12c0e3_8\" class=\"quform-option-label quform-option-label-1_32_8\"><span class=\"quform-option-text\">L\u00fcks Ya\u015fam<\/span><\/label><\/div><div class=\"quform-option\"><input type=\"checkbox\" name=\"quform_1_32[]\" id=\"quform_1_32_12c0e3_9\" class=\"quform-field quform-field-checkbox quform-field-1_32 quform-field-1_32_9\" value=\"Oyun\" \/><label for=\"quform_1_32_12c0e3_9\" class=\"quform-option-label quform-option-label-1_32_9\"><span class=\"quform-option-text\">Oyun<\/span><\/label><\/div><div class=\"quform-option\"><input type=\"checkbox\" name=\"quform_1_32[]\" id=\"quform_1_32_12c0e3_10\" class=\"quform-field quform-field-checkbox quform-field-1_32 quform-field-1_32_10\" value=\"Teknoloji\" \/><label for=\"quform_1_32_12c0e3_10\" class=\"quform-option-label quform-option-label-1_32_10\"><span class=\"quform-option-text\">Teknoloji<\/span><\/label><\/div><div class=\"quform-option\"><input type=\"checkbox\" name=\"quform_1_32[]\" id=\"quform_1_32_12c0e3_11\" class=\"quform-field quform-field-checkbox quform-field-1_32 quform-field-1_32_11\" value=\"K\u00fclt\u00fcr \/ Sanat\" \/><label for=\"quform_1_32_12c0e3_11\" class=\"quform-option-label quform-option-label-1_32_11\"><span class=\"quform-option-text\">K\u00fclt\u00fcr \/ Sanat<\/span><\/label><\/div><div class=\"quform-option\"><input type=\"checkbox\" name=\"quform_1_32[]\" id=\"quform_1_32_12c0e3_12\" class=\"quform-field quform-field-checkbox quform-field-1_32 quform-field-1_32_12\" value=\"Haber\" \/><label for=\"quform_1_32_12c0e3_12\" class=\"quform-option-label quform-option-label-1_32_12\"><span class=\"quform-option-text\">Haber<\/span><\/label><\/div><div class=\"quform-option\"><input type=\"checkbox\" name=\"quform_1_32[]\" id=\"quform_1_32_12c0e3_13\" class=\"quform-field quform-field-checkbox quform-field-1_32 quform-field-1_32_13\" value=\"Otomotiv\" \/><label for=\"quform_1_32_12c0e3_13\" class=\"quform-option-label quform-option-label-1_32_13\"><span class=\"quform-option-text\">Otomotiv<\/span><\/label><\/div><div class=\"quform-option\"><input type=\"checkbox\" name=\"quform_1_32[]\" id=\"quform_1_32_12c0e3_14\" class=\"quform-field quform-field-checkbox quform-field-1_32 quform-field-1_32_14\" value=\"Yeme-\u0130\u00e7me\" \/><label for=\"quform_1_32_12c0e3_14\" class=\"quform-option-label quform-option-label-1_32_14\"><span class=\"quform-option-text\">Yeme-\u0130\u00e7me<\/span><\/label><\/div><\/div><\/div><\/div><\/div><\/div><div class=\"quform-element quform-element-submit quform-element-1_2 quform-cf quform-button-style-theme\"><div class=\"quform-button-submit quform-button-submit-default quform-button-submit-1_2\"><button name=\"quform_submit\" type=\"submit\" class=\"quform-submit\" value=\"submit\"><span class=\"quform-button-text quform-button-submit-text\">Send<\/span><\/button><\/div><div class=\"quform-loading quform-loading-position-left quform-loading-type-spinner-1\"><div class=\"quform-loading-inner\"><div class=\"quform-loading-spinner\"><div class=\"quform-loading-spinner-inner\"><\/div><\/div><\/div><\/div><\/div><div class=\"quform-element-tree\"><label for=\"quform_1_0_12c0e3\">This field should be left blank<\/label><input type=\"text\" id=\"quform_1_0_12c0e3\" name=\"quform_1_0\" class=\"quform-field quform-field-tree quform-field-1_0\" tabindex=\"-1\" autocomplete=\"off\" \/><\/div><\/div><\/div><\/div><\/div><\/form><\/div><\/div><\/div><\/div><\/div><\/div><\/section>\n","protected":false},"excerpt":{"rendered":"INFLUENCER PARTNERL\u0130\u011e\u0130Payla\u015f\u0131mlar\u0131n\u0131z\u0131 b\u00fcy\u00fck markalarla bulu\u015ftural\u0131m. Payla\u015f\u0131mlar\u0131n\u0131z\u0131 kazanca d\u00f6n\u00fc\u015ft\u00fcrmek, b\u00fcy\u00fck markalarla ortak i\u00e7erikler olu\u015fturmak istiyorsan\u0131z do\u011fru yerdesiniz.\u00a0 Sosyal medyay\u0131 aktif kullan\u0131yorsan\u0131z, takip\u00e7ileriniz ve etkile\u015fimleriniz organikse hemen kay\u0131t olun, size uygun markalar ile i\u015f birlikleri yapmaya ba\u015flay\u0131n. Ba\u015fvuru Ko\u015fullar\u0131: Aktif oldu\u011funuz kanallardan birinde minimum 1.000 takip\u00e7iniz olmas\u0131 gereklidir. Be\u011feni, yorum, izlenme gibi t\u00fcm etkile\u015fimlerinizin organik olmas\u0131 gerekir....","protected":false},"author":1,"featured_media":0,"parent":0,"menu_order":0,"comment_status":"closed","ping_status":"closed","template":"","meta":{"_acf_changed":false,"footnotes":""},"class_list":["post-10091","page","type-page","status-publish","hentry"],"acf":[],"_links":{"self":[{"href":"https:\/\/www.fikrialem.com.tr\/tr\/wp-json\/wp\/v2\/pages\/10091","targetHints":{"allow":["GET"]}}],"collection":[{"href":"https:\/\/www.fikrialem.com.tr\/tr\/wp-json\/wp\/v2\/pages"}],"about":[{"href":"https:\/\/www.fikrialem.com.tr\/tr\/wp-json\/wp\/v2\/types\/page"}],"author":[{"embeddable":true,"href":"https:\/\/www.fikrialem.com.tr\/tr\/wp-json\/wp\/v2\/users\/1"}],"replies":[{"embeddable":true,"href":"https:\/\/www.fikrialem.com.tr\/tr\/wp-json\/wp\/v2\/comments?post=10091"}],"version-history":[{"count":10,"href":"https:\/\/www.fikrialem.com.tr\/tr\/wp-json\/wp\/v2\/pages\/10091\/revisions"}],"predecessor-version":[{"id":10108,"href":"https:\/\/www.fikrialem.com.tr\/tr\/wp-json\/wp\/v2\/pages\/10091\/revisions\/10108"}],"wp:attachment":[{"href":"https:\/\/www.fikrialem.com.tr\/tr\/wp-json\/wp\/v2\/media?parent=10091"}],"curies":[{"name":"wp","href":"https:\/\/api.w.org\/{rel}","templated":true}]}}