{"id":9941,"date":"2024-03-27T14:46:04","date_gmt":"2024-03-27T11:46:04","guid":{"rendered":"https:\/\/www.fikrialem.com.tr\/we-are\/"},"modified":"2024-07-25T16:25:24","modified_gmt":"2024-07-25T13:25:24","slug":"biz","status":"publish","type":"page","link":"https:\/\/www.fikrialem.com.tr\/tr\/biz\/","title":{"rendered":"B\u0130Z"},"content":{"rendered":"<section data-us-scroll=\"{&quot;from_initial_position&quot;:&quot;0&quot;,&quot;start_position&quot;:&quot;0%&quot;,&quot;end_position&quot;:&quot;75%&quot;,&quot;delay&quot;:&quot;0.2s&quot;,&quot;translate_y_direction&quot;:&quot;down&quot;,&quot;translate_y_speed&quot;:&quot;0.3x&quot;,&quot;scale_direction&quot;:&quot;down&quot;,&quot;scale_speed&quot;:&quot;0.6x&quot;}\" class=\"l-section wpb_row has_scroll_effects has_translate_y has_scale height_custom width_full with_img\"><div class=\"l-section-img\" role=\"img\" data-img-width=\"1064\" data-img-height=\"700\" style=\"background-image: url(https:\/\/www.fikrialem.com.tr\/wp-content\/uploads\/2024\/04\/WE-ARE_Yeni.gif);\"><\/div><div class=\"l-section-h i-cf\"><div class=\"g-cols vc_row via_grid cols_1 laptops-cols_inherit tablets-cols_inherit mobiles-cols_1 valign_top type_default stacking_default\"><div data-us-scroll=\"{&quot;from_initial_position&quot;:&quot;0&quot;,&quot;start_position&quot;:&quot;0%&quot;,&quot;end_position&quot;:&quot;100%&quot;,&quot;delay&quot;:&quot;0.1s&quot;}\" class=\"wpb_column vc_column_container has_scroll_effects\"><div class=\"vc_column-inner\"><div class=\"w-separator size_custom\" style=\"height:300px\" id=\"kc0b\"><style>@media(max-width:600px){ #kc0b{height:100px!important}}<\/style><\/div><h1 class=\"w-post-elm post_title us_custom_6df4bc3a has_text_color align_center entry-title\">B\u0130Z<\/h1><div class=\"w-separator size_custom\" style=\"height:300px\" id=\"z465\"><style>@media(max-width:600px){ #z465{height:100px!important}}<\/style><\/div><\/div><\/div><\/div><\/div><\/section><section class=\"l-section wpb_row height_custom full_height valign_center\"><div class=\"l-section-h i-cf\"><div class=\"g-cols vc_row via_grid cols_custom laptops-cols_inherit tablets-cols_inherit mobiles-cols_1 valign_top type_default stacking_default\" style=\"--custom-columns:1fr 4fr 1fr \"><div class=\"wpb_column vc_column_container\"><div class=\"vc_column-inner\"><\/div><\/div><div class=\"wpb_column vc_column_container\"><div class=\"vc_column-inner\"><div class=\"wpb_text_column us_custom_bb174cc2\"><div class=\"wpb_wrapper\"><p style=\"text-align: center;\"><span style=\"color: #ff0000;\"><img decoding=\"async\" class=\"size-full wp-image-8013 alignnone\" src=\"https:\/\/www.fikrialem.com.tr\/wp-content\/uploads\/2024\/03\/t01.svg\" alt=\"\" \/>\u00a0Fikirler insanlar gibidir.<\/span><br \/>\nBaz\u0131lar\u0131 herkes gibidir,<br \/>\nbaz\u0131lar\u0131 d\u00fcnyay\u0131 de\u011fi\u015ftirir <img decoding=\"async\" class=\"size-full wp-image-8012 alignnone\" src=\"https:\/\/www.fikrialem.com.tr\/wp-content\/uploads\/2024\/03\/t02.svg\" alt=\"\" \/><\/p>\n<\/div><\/div><div class=\"w-separator size_medium\"><\/div><div class=\"wpb_text_column us_custom_92ae0347\"><div class=\"wpb_wrapper\"><p style=\"text-align: center;\">Buras\u0131 Fikrialem. 2002 y\u0131l\u0131nda ba\u015flayan ser\u00fcvenimiz bug\u00fcn onlarca \u00e7al\u0131\u015fan\u0131m\u0131z ve markam\u0131zla devam ediyor. Kendimizi bir Pazarlama \u0130leti\u015fimi Ajans\u0131 olarak tan\u0131ml\u0131yoruz.\u00a0 En b\u00fcy\u00fck amac\u0131m\u0131z, markalar\u0131n var olma yolundaki beklentilerine cevap vermek.<\/p>\n<p style=\"text-align: center;\">\u0130nsanlar ve markalar aras\u0131nda yeni bulu\u015fma yollar\u0131 bulmak. Sadece geleneksel mecralarda de\u011fil, \u00fcr\u00fcn ya da hizmet ile t\u00fcketicinin kesi\u015fti\u011fi her mecrada b\u00fcy\u00fck etki yaratan fikirler \u00fcretmek. E\u011fer siz de bizim gibi bir fikrin her \u015feyi de\u011fi\u015ftirebilece\u011fine inan\u0131yorsan\u0131z, do\u011fru yerdesiniz.<\/p>\n<\/div><\/div><\/div><\/div><div class=\"wpb_column vc_column_container\"><div class=\"vc_column-inner\"><\/div><\/div><\/div><\/div><\/section>\n","protected":false},"excerpt":{"rendered":"B\u0130Z\u00a0Fikirler insanlar gibidir. Baz\u0131lar\u0131 herkes gibidir, baz\u0131lar\u0131 d\u00fcnyay\u0131 de\u011fi\u015ftirir Buras\u0131 Fikrialem. 2002 y\u0131l\u0131nda ba\u015flayan ser\u00fcvenimiz bug\u00fcn onlarca \u00e7al\u0131\u015fan\u0131m\u0131z ve markam\u0131zla devam ediyor. Kendimizi bir Pazarlama \u0130leti\u015fimi Ajans\u0131 olarak tan\u0131ml\u0131yoruz.\u00a0 En b\u00fcy\u00fck amac\u0131m\u0131z, markalar\u0131n var olma yolundaki beklentilerine cevap vermek. \u0130nsanlar ve markalar aras\u0131nda yeni bulu\u015fma yollar\u0131 bulmak. Sadece geleneksel mecralarda de\u011fil, \u00fcr\u00fcn ya da hizmet...","protected":false},"author":1,"featured_media":0,"parent":0,"menu_order":0,"comment_status":"closed","ping_status":"closed","template":"","meta":{"_acf_changed":false,"footnotes":""},"class_list":["post-9941","page","type-page","status-publish","hentry"],"acf":[],"_links":{"self":[{"href":"https:\/\/www.fikrialem.com.tr\/tr\/wp-json\/wp\/v2\/pages\/9941","targetHints":{"allow":["GET"]}}],"collection":[{"href":"https:\/\/www.fikrialem.com.tr\/tr\/wp-json\/wp\/v2\/pages"}],"about":[{"href":"https:\/\/www.fikrialem.com.tr\/tr\/wp-json\/wp\/v2\/types\/page"}],"author":[{"embeddable":true,"href":"https:\/\/www.fikrialem.com.tr\/tr\/wp-json\/wp\/v2\/users\/1"}],"replies":[{"embeddable":true,"href":"https:\/\/www.fikrialem.com.tr\/tr\/wp-json\/wp\/v2\/comments?post=9941"}],"version-history":[{"count":4,"href":"https:\/\/www.fikrialem.com.tr\/tr\/wp-json\/wp\/v2\/pages\/9941\/revisions"}],"predecessor-version":[{"id":10024,"href":"https:\/\/www.fikrialem.com.tr\/tr\/wp-json\/wp\/v2\/pages\/9941\/revisions\/10024"}],"wp:attachment":[{"href":"https:\/\/www.fikrialem.com.tr\/tr\/wp-json\/wp\/v2\/media?parent=9941"}],"curies":[{"name":"wp","href":"https:\/\/api.w.org\/{rel}","templated":true}]}}