{"id":9950,"date":"2013-05-31T11:56:39","date_gmt":"2013-05-31T08:56:39","guid":{"rendered":"https:\/\/www.fikrialem.com.tr\/we-can-grow-together\/"},"modified":"2025-03-14T10:46:21","modified_gmt":"2025-03-14T07:46:21","slug":"birlikte-basaralim","status":"publish","type":"page","link":"https:\/\/www.fikrialem.com.tr\/tr\/birlikte-basaralim\/","title":{"rendered":"B\u0130RL\u0130KTE BA\u015eARALIM"},"content":{"rendered":"<section class=\"l-section wpb_row height_custom\"><div class=\"l-section-h i-cf\"><div class=\"g-cols vc_row via_grid cols_1 laptops-cols_inherit tablets-cols_inherit mobiles-cols_1 valign_top type_default stacking_default\" style=\"--gap:58px;\"><div class=\"wpb_column vc_column_container\"><div class=\"vc_column-inner\"><div class=\"w-image align_center\"><div class=\"w-image-h\"><img decoding=\"async\" width=\"480\" height=\"270\" src=\"https:\/\/www.fikrialem.com.tr\/wp-content\/uploads\/2024\/07\/giphy_para2.gif\" class=\"attachment-large size-large\" alt=\"\" loading=\"lazy\" \/><\/div><\/div><div class=\"w-separator size_medium\"><\/div><div class=\"wpb_text_column\"><div class=\"wpb_wrapper\"><h2 style=\"text-align: center;\"><a href=\"mailto:info@fikrialem.com.tr\" target=\"_blank\" rel=\"noopener\"><u>MARKANIZI KONU\u015eALIM<\/u><\/a><\/h2>\n<p style=\"text-align: center;\">Bir sonraki projenizi g\u00f6r\u00fc\u015fmek i\u00e7in ileti\u015fime ge\u00e7in.<\/p>\n<p style=\"text-align: center;\"><a href=\"mailto:info@fikrialem.com.tr\">info@fikrialem.com.tr<\/a><\/p>\n<\/div><\/div><div class=\"w-separator size_medium\"><\/div><div class=\"wpb_text_column\"><div class=\"wpb_wrapper\"><h2 style=\"text-align: center;\"><a href=\"https:\/\/www.fikrialem.com.tr\/tr\/influencer-partnerligi\/\" target=\"_blank\" rel=\"noopener\"><u>INFLUENCER PARTNERL\u0130\u011e\u0130<\/u><\/a><\/h2>\n<\/div><\/div><div class=\"w-separator size_medium\"><\/div><div class=\"wpb_text_column\"><div class=\"wpb_wrapper\"><h2 style=\"text-align: center;\"><a href=\"mailto:ik@fikrialem.com.tr\" target=\"_blank\" rel=\"noopener\"><u>EK\u0130B\u0130M\u0130ZE KATILIN<\/u><\/a><\/h2>\n<p style=\"text-align: center;\">Genel Ba\u015fvuru<\/p>\n<p style=\"text-align: center;\"><a href=\"mailto:ik@fikrialem.com.tr\">ik@fikrialem.com.tr<\/a><\/p>\n<\/div><\/div><div class=\"w-separator size_medium\"><\/div><div class=\"wpb_text_column\"><div class=\"wpb_wrapper\"><h2 style=\"text-align: center;\"><u>ANKARA<\/u><\/h2>\n<p style=\"text-align: center;\">B\u00fcy\u00fckesat Mah. U\u011fur Mumcu Cd. No: 58 \u00c7ankaya\u00a0ANKARA<\/p>\n<p style=\"text-align: center;\">+90 312 466 20 10<br \/>info@fikrialem.com.tr<\/p>\n<\/div><\/div><div class=\"w-separator size_small\"><\/div><div class=\"wpb_text_column\"><div class=\"wpb_wrapper\"><p style=\"text-align: center;\"><iframe loading=\"lazy\" style=\"border: 0style=; -webkit-filter: grayscale(100%); filter: grayscale(100%);\" src=\"https:\/\/www.google.com\/maps\/embed?pb=!1m18!1m12!1m3!1d3061.1575347832136!2d32.87394707700874!3d39.893105087340956!2m3!1f0!2f0!3f0!3m2!1i1024!2i768!4f13.1!3m3!1m2!1s0x14d34feb3151cabd%3A0xdc813a2b1a937f74!2zQsO8ecO8a2VzYXQsIFXEn3VyIE11bWN1IENkLiBObzo1OCwgMDY3MDAgw4dhbmtheWEvQW5rYXJh!5e0!3m2!1str!2str!4v1711627046247!5m2!1str!2str\" width=\"287\" height=\"114\" allowfullscreen=\"allowfullscreen\"><\/iframe><\/p>\n<\/div><\/div><div class=\"w-separator size_medium\"><\/div><div class=\"wpb_text_column\"><div class=\"wpb_wrapper\"><h2 style=\"text-align: center;\"><u>\u0130STANBUL<\/u><\/h2>\n<p style=\"text-align: center;\">Ye\u015filce Mahallesi Girne Cad. Diken Sokak No 2\/1<br \/>\nKa\u011f\u0131thane &#8211; \u0130STANBUL<\/p>\n<p style=\"text-align: center;\">+90 312 466 20 10<br \/>\ninfo@fikrialem.com.tr<\/p>\n<\/div><\/div><div class=\"w-separator size_small\"><\/div><div class=\"wpb_text_column\"><div class=\"wpb_wrapper\"><p style=\"text-align: center;\"><iframe loading=\"lazy\" style=\"border: 0style=; -webkit-filter: grayscale(100%); filter: grayscale(100%);\" src=\"https:\/\/www.google.com\/maps\/embed?pb=!1m18!1m12!1m3!1d387.8896889658382!2d29.00307089305881!3d41.09363300138725!2m3!1f0!2f0!3f0!3m2!1i1024!2i768!4f13.1!3m3!1m2!1s0x14cab67c246f558b%3A0xc19fae9bfd26a00b!2zWWXFn2lsY2UsIERpa2VuIFNrLiBObzoyIEQ6MSwgMzQ0MTggS8OixJ_EsXRoYW5lL8Swc3RhbmJ1bA!5e0!3m2!1str!2str!4v1721634394459!5m2!1str!2str\" width=\"287\" height=\"114\" allowfullscreen=\"allowfullscreen\"><\/iframe><\/p>\n<\/div><\/div><\/div><\/div><\/div><\/div><\/section>\n","protected":false},"excerpt":{"rendered":"MARKANIZI KONU\u015eALIM Bir sonraki projenizi g\u00f6r\u00fc\u015fmek i\u00e7in ileti\u015fime ge\u00e7in. info@fikrialem.com.tr INFLUENCER PARTNERL\u0130\u011e\u0130 EK\u0130B\u0130M\u0130ZE KATILIN Genel Ba\u015fvuru ik@fikrialem.com.tr ANKARA B\u00fcy\u00fckesat Mah. U\u011fur Mumcu Cd. No: 58 \u00c7ankaya\u00a0ANKARA +90 312 466 20 10info@fikrialem.com.tr \u0130STANBUL Ye\u015filce Mahallesi Girne Cad. Diken Sokak No 2\/1 Ka\u011f\u0131thane &#8211; \u0130STANBUL +90 312 466 20 10 info@fikrialem.com.tr","protected":false},"author":1,"featured_media":0,"parent":0,"menu_order":0,"comment_status":"closed","ping_status":"closed","template":"","meta":{"_acf_changed":false,"footnotes":""},"class_list":["post-9950","page","type-page","status-publish","hentry"],"acf":[],"_links":{"self":[{"href":"https:\/\/www.fikrialem.com.tr\/tr\/wp-json\/wp\/v2\/pages\/9950","targetHints":{"allow":["GET"]}}],"collection":[{"href":"https:\/\/www.fikrialem.com.tr\/tr\/wp-json\/wp\/v2\/pages"}],"about":[{"href":"https:\/\/www.fikrialem.com.tr\/tr\/wp-json\/wp\/v2\/types\/page"}],"author":[{"embeddable":true,"href":"https:\/\/www.fikrialem.com.tr\/tr\/wp-json\/wp\/v2\/users\/1"}],"replies":[{"embeddable":true,"href":"https:\/\/www.fikrialem.com.tr\/tr\/wp-json\/wp\/v2\/comments?post=9950"}],"version-history":[{"count":9,"href":"https:\/\/www.fikrialem.com.tr\/tr\/wp-json\/wp\/v2\/pages\/9950\/revisions"}],"predecessor-version":[{"id":10178,"href":"https:\/\/www.fikrialem.com.tr\/tr\/wp-json\/wp\/v2\/pages\/9950\/revisions\/10178"}],"wp:attachment":[{"href":"https:\/\/www.fikrialem.com.tr\/tr\/wp-json\/wp\/v2\/media?parent=9950"}],"curies":[{"name":"wp","href":"https:\/\/api.w.org\/{rel}","templated":true}]}}