{"id":9953,"date":"2024-04-04T16:03:58","date_gmt":"2024-04-04T13:03:58","guid":{"rendered":"https:\/\/www.fikrialem.com.tr\/news\/"},"modified":"2024-07-25T12:01:12","modified_gmt":"2024-07-25T09:01:12","slug":"haberler","status":"publish","type":"page","link":"https:\/\/www.fikrialem.com.tr\/tr\/haberler\/","title":{"rendered":"HABERLER"},"content":{"rendered":"<section class=\"l-section wpb_row height_custom\"><div class=\"l-section-h i-cf\"><div class=\"g-cols vc_row via_grid cols_1 laptops-cols_inherit tablets-cols_inherit mobiles-cols_1 valign_top type_default stacking_default\"><div class=\"wpb_column vc_column_container\"><div class=\"vc_column-inner\"><div class=\"w-grid type_grid layout_10011 cols_3 pagination_infinite\" id=\"us_grid_1\" style=\"--gap:0rem;\" data-filterable=\"true\"><style>@media (max-width:1024px){#us_grid_1 .w-grid-item{width:50%}}@media (max-width:600px){#us_grid_1 .w-grid-list{margin:0}#us_grid_1 .w-grid-item{width:100%;padding:0;margin-bottom:var(--gap,0px)}}.layout_10011 .w-grid-item-h{background:linear-gradient(90deg,#302DA0,#350545)}.layout_10011 .usg_post_title_1{transition-duration:0s;transform-origin:50% 50%;transform:scale(1) translate(0%,0%)}.layout_10011 .w-grid-item-h:hover .usg_post_title_1{transform:scale(1) translate(0%,0%);opacity:1;color:#ffffff!important}.layout_10011 .usg_vwrapper_1{transition-duration:0.3s;transform-origin:50% 50%;transform:scale(1) translate(0%,0%)}.layout_10011 .w-grid-item-h:hover .usg_vwrapper_1{transform:scale(1) translate(0%,-13%);opacity:1;background:linear-gradient(90deg,#302DA0,#350545)!important}.layout_10011 .usg_post_content_1{transition-duration:0.3s;transform-origin:50% 50%;transform:scale(1) translate(0%,0%)}.layout_10011 .w-grid-item-h:hover .usg_post_content_1{transform:scale(1) translate(0%,0%);opacity:1;color:#ffffff!important}.layout_10011 .usg_text_1{transition-duration:0.3s;transform-origin:50% 50%;transform:scale(1) translate(0%,0%)}.layout_10011 .w-grid-item-h:hover .usg_text_1{transform:scale(1) translate(0%,0%);opacity:1;color:#ffffff!important}.layout_10011 .usg_post_title_1{font-size:1rem!important}.layout_10011 .usg_vwrapper_1{min-height:170px!important;position:relative!important;padding:20px!important;background:#F1F2F2!important}.layout_10011 .usg_post_content_1{font-size:14px!important;line-height:1.2!important}.layout_10011 .usg_text_1{font-size:12px!important;line-height:1.2!important;position:absolute!important;bottom:15px!important;right:15px!important}<\/style><div class=\"w-grid-list\">\t<article class=\"w-grid-item size_1x1 post-10288 haberler type-haberler status-publish has-post-thumbnail hentry\" data-id=\"10288\">\r\n\t\t<div class=\"w-grid-item-h\">\r\n\t\t\t\t\t\t\t<a href=\"https:\/\/www.fikrialem.com.tr\/tr\/haberler\/ziraat-gyo-iletisim-calismalarini-fikrialeme-emanet-etti\/\" class=\"w-grid-item-anchor\" aria-label=\"Ziraat GYO \u0130leti\u015fim \u00c7al\u0131\u015fmalar\u0131n\u0131 Fikrialem\u2019e Emanet Etti\"><\/a>\r\n\t\t\t\t\t\t<div class=\"w-post-elm post_image usg_post_image_1 has_ratio\"><a href=\"https:\/\/www.fikrialem.com.tr\/tr\/haberler\/ziraat-gyo-iletisim-calismalarini-fikrialeme-emanet-etti\/\" aria-label=\"Ziraat GYO \u0130leti\u015fim \u00c7al\u0131\u015fmalar\u0131n\u0131 Fikrialem\u2019e Emanet Etti\"><img loading=\"lazy\" decoding=\"async\" width=\"1024\" height=\"690\" src=\"https:\/\/www.fikrialem.com.tr\/wp-content\/uploads\/2025\/10\/ziraat-gyo-img-1024x690.jpg\" class=\"attachment-large size-large wp-post-image\" alt=\"\" srcset=\"https:\/\/www.fikrialem.com.tr\/wp-content\/uploads\/2025\/10\/ziraat-gyo-img-1024x690.jpg 1024w, https:\/\/www.fikrialem.com.tr\/wp-content\/uploads\/2025\/10\/ziraat-gyo-img-300x202.jpg 300w, https:\/\/www.fikrialem.com.tr\/wp-content\/uploads\/2025\/10\/ziraat-gyo-img.jpg 1400w\" sizes=\"auto, (max-width: 1024px) 100vw, 1024px\" \/><\/a><div style=\"padding-bottom:57.1429%\"><\/div><\/div><div class=\"w-vwrapper usg_vwrapper_1 align_none valign_top\"><h2 class=\"w-post-elm post_title usg_post_title_1 entry-title color_link_inherit\"><a href=\"https:\/\/www.fikrialem.com.tr\/tr\/haberler\/ziraat-gyo-iletisim-calismalarini-fikrialeme-emanet-etti\/\">Ziraat GYO \u0130leti\u015fim \u00c7al\u0131\u015fmalar\u0131n\u0131 Fikrialem\u2019e Emanet Etti<\/a><\/h2><div class=\"w-post-elm post_content usg_post_content_1\">\u0130stanbul Sultanbeyli\u2019de, Ziraat GYO g\u00fcvencesiyle hayata ge\u00e7irilecek olan konut projesinin marka yolculu\u011fu, Fikrialem\u2019in stratejik yakla\u015f\u0131m\u0131yla \u015fekillendi. Ziraat\u2019in tarihsel referans\u0131n\u0131, projenin ise konumunu ve de\u011ferini en g\u00fc\u00e7l\u00fc \u015fekilde yans\u0131tan &#8220;Ba\u015fak&hellip;<\/div><div class=\"w-text usg_text_1 icon_atright\"><span class=\"w-text-h\"><span class=\"w-text-value\">DAHA FAZLASINI BULUN<\/span><i class=\"fal fa-chevron-right\"><\/i><\/span><\/div><\/div>\t\t<\/div>\r\n\t\t\t<\/article>\r\n\t<article class=\"w-grid-item size_1x1 post-10146 haberler type-haberler status-publish has-post-thumbnail hentry\" data-id=\"10146\">\r\n\t\t<div class=\"w-grid-item-h\">\r\n\t\t\t\t\t\t\t<a href=\"https:\/\/www.fikrialem.com.tr\/tr\/haberler\/tarz-olmak-paulmark\/\" class=\"w-grid-item-anchor\" aria-label=\"TARZ OLMAK PAULMARK\"><\/a>\r\n\t\t\t\t\t\t<div class=\"w-post-elm post_image usg_post_image_1 has_ratio\"><a href=\"https:\/\/www.fikrialem.com.tr\/tr\/haberler\/tarz-olmak-paulmark\/\" aria-label=\"TARZ OLMAK PAULMARK\"><img loading=\"lazy\" decoding=\"async\" width=\"1024\" height=\"690\" src=\"https:\/\/www.fikrialem.com.tr\/wp-content\/uploads\/2024\/11\/paulmark-img-05-1024x690.jpg\" class=\"attachment-large size-large wp-post-image\" alt=\"\" srcset=\"https:\/\/www.fikrialem.com.tr\/wp-content\/uploads\/2024\/11\/paulmark-img-05-1024x690.jpg 1024w, https:\/\/www.fikrialem.com.tr\/wp-content\/uploads\/2024\/11\/paulmark-img-05-300x202.jpg 300w, https:\/\/www.fikrialem.com.tr\/wp-content\/uploads\/2024\/11\/paulmark-img-05.jpg 1400w\" sizes=\"auto, (max-width: 1024px) 100vw, 1024px\" \/><\/a><div style=\"padding-bottom:57.1429%\"><\/div><\/div><div class=\"w-vwrapper usg_vwrapper_1 align_none valign_top\"><h2 class=\"w-post-elm post_title usg_post_title_1 entry-title color_link_inherit\"><a href=\"https:\/\/www.fikrialem.com.tr\/tr\/haberler\/tarz-olmak-paulmark\/\">TARZ OLMAK PAULMARK<\/a><\/h2><div class=\"w-post-elm post_content usg_post_content_1\">\u00dcnl\u00fc oyuncu Ay\u00e7a Ay\u015fin Turan, moda d\u00fcnyas\u0131n\u0131n k\u00f6kl\u00fc isimlerinden biri olan Paulmark\u2019\u0131n 2024-2025 Sonbahar\/K\u0131\u015f sezonu kampanyas\u0131n\u0131n y\u00fcz\u00fc oldu. \u201cTarz Olmak Paulmark\u201d slogan\u0131yla hayat bulan bu \u00f6zel kampanya, markan\u0131n modern,&hellip;<\/div><div class=\"w-text usg_text_1 icon_atright\"><span class=\"w-text-h\"><span class=\"w-text-value\">DAHA FAZLASINI BULUN<\/span><i class=\"fal fa-chevron-right\"><\/i><\/span><\/div><\/div>\t\t<\/div>\r\n\t\t\t<\/article>\r\n\t<article class=\"w-grid-item size_1x1 post-9936 haberler type-haberler status-publish has-post-thumbnail hentry\" data-id=\"9936\">\r\n\t\t<div class=\"w-grid-item-h\">\r\n\t\t\t\t\t\t\t<a href=\"https:\/\/www.fikrialem.com.tr\/tr\/haberler\/socios-com-fikrialem\/\" class=\"w-grid-item-anchor\" aria-label=\"SOCIOS.COM F\u0130KR\u0130ALEM\"><\/a>\r\n\t\t\t\t\t\t<div class=\"w-post-elm post_image usg_post_image_1 has_ratio\"><a href=\"https:\/\/www.fikrialem.com.tr\/tr\/haberler\/socios-com-fikrialem\/\" aria-label=\"SOCIOS.COM F\u0130KR\u0130ALEM\"><img loading=\"lazy\" decoding=\"async\" width=\"1024\" height=\"584\" src=\"https:\/\/www.fikrialem.com.tr\/wp-content\/uploads\/2024\/03\/socios-img-1024x584.jpg\" class=\"attachment-large size-large wp-post-image\" alt=\"\" srcset=\"https:\/\/www.fikrialem.com.tr\/wp-content\/uploads\/2024\/03\/socios-img-1024x584.jpg 1024w, https:\/\/www.fikrialem.com.tr\/wp-content\/uploads\/2024\/03\/socios-img-300x171.jpg 300w, https:\/\/www.fikrialem.com.tr\/wp-content\/uploads\/2024\/03\/socios-img.jpg 1281w\" sizes=\"auto, (max-width: 1024px) 100vw, 1024px\" \/><\/a><div style=\"padding-bottom:57.1429%\"><\/div><\/div><div class=\"w-vwrapper usg_vwrapper_1 align_none valign_top\"><h2 class=\"w-post-elm post_title usg_post_title_1 entry-title color_link_inherit\"><a href=\"https:\/\/www.fikrialem.com.tr\/tr\/haberler\/socios-com-fikrialem\/\">SOCIOS.COM F\u0130KR\u0130ALEM<\/a><\/h2><div class=\"w-post-elm post_content usg_post_content_1\">D\u00fcnyan\u0131n \u00f6nde gelen fan token uygulamas\u0131 SOCIOS.COM, T\u00fcrkiye pazar\u0131na giri\u015fini yeni reklam kampanyas\u0131yla duyurdu. F\u0130KR\u0130ALEM imzas\u0131 ta\u015f\u0131yan reklam filminin y\u00f6netmen koltu\u011funda Metin Arolat yer ald\u0131. \u00c7ekimleri Trabzon\u2019da ger\u00e7ekle\u015fen reklam&hellip;<\/div><div class=\"w-text usg_text_1 icon_atright\"><span class=\"w-text-h\"><span class=\"w-text-value\">DAHA FAZLASINI BULUN<\/span><i class=\"fal fa-chevron-right\"><\/i><\/span><\/div><\/div>\t\t<\/div>\r\n\t\t\t<\/article>\r\n\t<article class=\"w-grid-item size_1x1 post-9935 haberler type-haberler status-publish has-post-thumbnail hentry\" data-id=\"9935\">\r\n\t\t<div class=\"w-grid-item-h\">\r\n\t\t\t\t\t\t\t<a href=\"https:\/\/www.fikrialem.com.tr\/tr\/haberler\/kastamonu-turk-dunyasi-gunleri\/\" class=\"w-grid-item-anchor\" aria-label=\"KASTAMONU T\u00dcRK D\u00dcNYASI G\u00dcNLER\u0130\"><\/a>\r\n\t\t\t\t\t\t<div class=\"w-post-elm post_image usg_post_image_1 has_ratio\"><a href=\"https:\/\/www.fikrialem.com.tr\/tr\/haberler\/kastamonu-turk-dunyasi-gunleri\/\" aria-label=\"KASTAMONU T\u00dcRK D\u00dcNYASI G\u00dcNLER\u0130\"><img loading=\"lazy\" decoding=\"async\" width=\"1024\" height=\"584\" src=\"https:\/\/www.fikrialem.com.tr\/wp-content\/uploads\/2024\/03\/kastamonu-ttg-img-1024x584.jpg\" class=\"attachment-large size-large wp-post-image\" alt=\"\" srcset=\"https:\/\/www.fikrialem.com.tr\/wp-content\/uploads\/2024\/03\/kastamonu-ttg-img-1024x584.jpg 1024w, https:\/\/www.fikrialem.com.tr\/wp-content\/uploads\/2024\/03\/kastamonu-ttg-img-300x171.jpg 300w, https:\/\/www.fikrialem.com.tr\/wp-content\/uploads\/2024\/03\/kastamonu-ttg-img.jpg 1281w\" sizes=\"auto, (max-width: 1024px) 100vw, 1024px\" \/><\/a><div style=\"padding-bottom:57.1429%\"><\/div><\/div><div class=\"w-vwrapper usg_vwrapper_1 align_none valign_top\"><h2 class=\"w-post-elm post_title usg_post_title_1 entry-title color_link_inherit\"><a href=\"https:\/\/www.fikrialem.com.tr\/tr\/haberler\/kastamonu-turk-dunyasi-gunleri\/\">KASTAMONU T\u00dcRK D\u00dcNYASI G\u00dcNLER\u0130<\/a><\/h2><div class=\"w-post-elm post_content usg_post_content_1\">D\u00fcnyan\u0131n d\u00f6rt bir yan\u0131ndaki T\u00fcrk ve Turan halklar\u0131n\u0131 bulu\u015fturan T\u00fcrk D\u00fcnyas\u0131 G\u00fcnleri Kastamonu\u2019da g\u00f6rkemli anlara sahne oldu. Beng\u00fc, Kubat, Burak Bulut &#038; Kurtulu\u015f Ku\u015f gibi bir\u00e7ok \u00fcnl\u00fc sanat\u00e7\u0131n\u0131n sahne&hellip;<\/div><div class=\"w-text usg_text_1 icon_atright\"><span class=\"w-text-h\"><span class=\"w-text-value\">DAHA FAZLASINI BULUN<\/span><i class=\"fal fa-chevron-right\"><\/i><\/span><\/div><\/div>\t\t<\/div>\r\n\t\t\t<\/article>\r\n\t<article class=\"w-grid-item size_1x1 post-9933 haberler type-haberler status-publish has-post-thumbnail hentry\" data-id=\"9933\">\r\n\t\t<div class=\"w-grid-item-h\">\r\n\t\t\t\t\t\t\t<a href=\"https:\/\/www.fikrialem.com.tr\/tr\/haberler\/kronoevent2022\/\" class=\"w-grid-item-anchor\" aria-label=\"#Kronoevent2022\"><\/a>\r\n\t\t\t\t\t\t<div class=\"w-post-elm post_image usg_post_image_1 has_ratio\"><a href=\"https:\/\/www.fikrialem.com.tr\/tr\/haberler\/kronoevent2022\/\" aria-label=\"#Kronoevent2022\"><img loading=\"lazy\" decoding=\"async\" width=\"1024\" height=\"683\" src=\"https:\/\/www.fikrialem.com.tr\/wp-content\/uploads\/2024\/03\/ERS_0003-1024x683.jpg\" class=\"attachment-large size-large wp-post-image\" alt=\"\" srcset=\"https:\/\/www.fikrialem.com.tr\/wp-content\/uploads\/2024\/03\/ERS_0003-1024x683.jpg 1024w, https:\/\/www.fikrialem.com.tr\/wp-content\/uploads\/2024\/03\/ERS_0003-300x200.jpg 300w, https:\/\/www.fikrialem.com.tr\/wp-content\/uploads\/2024\/03\/ERS_0003-1536x1024.jpg 1536w\" sizes=\"auto, (max-width: 1024px) 100vw, 1024px\" \/><\/a><div style=\"padding-bottom:57.1429%\"><\/div><\/div><div class=\"w-vwrapper usg_vwrapper_1 align_none valign_top\"><h2 class=\"w-post-elm post_title usg_post_title_1 entry-title color_link_inherit\"><a href=\"https:\/\/www.fikrialem.com.tr\/tr\/haberler\/kronoevent2022\/\">#Kronoevent2022<\/a><\/h2><div class=\"w-post-elm post_content usg_post_content_1\">D\u00fcnyan\u0131n \u00f6nde gelen ah\u015fap \u00fcreticilerinden KRONOSPAN, markala\u015fm\u0131\u015f etkinli\u011fi #Kronoevent \u2018i bu y\u0131l Antalya\u2019da d\u00fczenledi. Ba\u015fta Rusya olmak \u00fczere d\u00fcnyan\u0131n \u00e7e\u015fitli \u00fclkelerinden i\u015f ortaklar\u0131n\u0131n kat\u0131ld\u0131\u011f\u0131 etkinlik, b\u00fcy\u00fck be\u011feni toplad\u0131. \u00dcr\u00fcn&hellip;<\/div><div class=\"w-text usg_text_1 icon_atright\"><span class=\"w-text-h\"><span class=\"w-text-value\">DAHA FAZLASINI BULUN<\/span><i class=\"fal fa-chevron-right\"><\/i><\/span><\/div><\/div>\t\t<\/div>\r\n\t\t\t<\/article>\r\n<\/div><div class=\"w-grid-preloader\">\t<div class=\"g-preloader type_custom\">\r\n\t\t<div><img loading=\"lazy\" decoding=\"async\" width=\"300\" height=\"300\" src=\"https:\/\/www.fikrialem.com.tr\/wp-content\/uploads\/2024\/06\/0wat-img.svg\" class=\"attachment-medium size-medium\" alt=\"\" \/><\/div>\r\n\t<\/div>\r\n\t<\/div>\t<div class=\"w-grid-json hidden\" onclick='return {&quot;action&quot;:&quot;us_ajax_grid&quot;,&quot;infinite_scroll&quot;:0,&quot;max_num_pages&quot;:1,&quot;pagination&quot;:&quot;infinite&quot;,&quot;template_vars&quot;:{&quot;columns&quot;:&quot;3&quot;,&quot;exclude_items&quot;:&quot;none&quot;,&quot;img_size&quot;:&quot;default&quot;,&quot;ignore_items_size&quot;:0,&quot;items_layout&quot;:&quot;10011&quot;,&quot;items_offset&quot;:&quot;1&quot;,&quot;load_animation&quot;:&quot;none&quot;,&quot;overriding_link&quot;:&quot;%7B%22type%22%3A%22post%22%7D&quot;,&quot;post_id&quot;:0,&quot;query_args&quot;:{&quot;post_type&quot;:[&quot;haberler&quot;],&quot;post_status&quot;:[&quot;publish&quot;,&quot;acf-disabled&quot;],&quot;posts_per_page&quot;:&quot;10&quot;},&quot;orderby_query_args&quot;:{&quot;orderby&quot;:{&quot;date&quot;:&quot;DESC&quot;}},&quot;type&quot;:&quot;grid&quot;,&quot;us_grid_post_type&quot;:&quot;haberler&quot;,&quot;us_grid_ajax_index&quot;:1,&quot;us_grid_filter_query_string&quot;:null,&quot;us_grid_index&quot;:1,&quot;page_args&quot;:[],&quot;lang&quot;:&quot;tr&quot;}}'><\/div>\r\n\t<\/div><\/div><\/div><\/div><\/div><\/section>\n","protected":false},"excerpt":{"rendered":"#Kronoevent2022 D\u00fcnyan\u0131n \u00f6nde gelen ah\u015fap \u00fcreticilerinden KRONOSPAN, markala\u015fm\u0131\u015f etkinli\u011fi #Kronoevent \u2018i bu y\u0131l Antalya\u2019da d\u00fczenledi. Ba\u015fta Rusya olmak \u00fczere d\u00fcnyan\u0131n \u00e7e\u015fitli \u00fclkelerinden i\u015f ortaklar\u0131n\u0131n kat\u0131ld\u0131\u011f\u0131 etkinlik, b\u00fcy\u00fck be\u011feni toplad\u0131. \u00dcr\u00fcn lansmanlar\u0131, toplant\u0131lar, etkileyici sahne \u015fovlar\u0131 ve g\u00f6rsel \u015f\u00f6lenlerle zenginle\u015fen etkinli\u011fin organizasyonunu F\u0130KR\u0130ALEM \u00fcstlendi.","protected":false},"author":1,"featured_media":0,"parent":0,"menu_order":0,"comment_status":"closed","ping_status":"closed","template":"","meta":{"_acf_changed":false,"footnotes":""},"class_list":["post-9953","page","type-page","status-publish","hentry"],"acf":[],"_links":{"self":[{"href":"https:\/\/www.fikrialem.com.tr\/tr\/wp-json\/wp\/v2\/pages\/9953","targetHints":{"allow":["GET"]}}],"collection":[{"href":"https:\/\/www.fikrialem.com.tr\/tr\/wp-json\/wp\/v2\/pages"}],"about":[{"href":"https:\/\/www.fikrialem.com.tr\/tr\/wp-json\/wp\/v2\/types\/page"}],"author":[{"embeddable":true,"href":"https:\/\/www.fikrialem.com.tr\/tr\/wp-json\/wp\/v2\/users\/1"}],"replies":[{"embeddable":true,"href":"https:\/\/www.fikrialem.com.tr\/tr\/wp-json\/wp\/v2\/comments?post=9953"}],"version-history":[{"count":2,"href":"https:\/\/www.fikrialem.com.tr\/tr\/wp-json\/wp\/v2\/pages\/9953\/revisions"}],"predecessor-version":[{"id":10012,"href":"https:\/\/www.fikrialem.com.tr\/tr\/wp-json\/wp\/v2\/pages\/9953\/revisions\/10012"}],"wp:attachment":[{"href":"https:\/\/www.fikrialem.com.tr\/tr\/wp-json\/wp\/v2\/media?parent=9953"}],"curies":[{"name":"wp","href":"https:\/\/api.w.org\/{rel}","templated":true}]}}