{"id":9993,"date":"2024-03-29T15:23:37","date_gmt":"2024-03-29T12:23:37","guid":{"rendered":"https:\/\/www.fikrialem.com.tr\/blog\/"},"modified":"2024-07-25T11:40:47","modified_gmt":"2024-07-25T08:40:47","slug":"blog","status":"publish","type":"page","link":"https:\/\/www.fikrialem.com.tr\/tr\/blog\/","title":{"rendered":"BLOG"},"content":{"rendered":"<section data-us-scroll=\"{&quot;from_initial_position&quot;:&quot;0&quot;,&quot;start_position&quot;:&quot;0%&quot;,&quot;end_position&quot;:&quot;75%&quot;,&quot;delay&quot;:&quot;0.2s&quot;,&quot;translate_y_direction&quot;:&quot;down&quot;,&quot;translate_y_speed&quot;:&quot;0.3x&quot;,&quot;scale_direction&quot;:&quot;down&quot;,&quot;scale_speed&quot;:&quot;0.6x&quot;}\" class=\"l-section wpb_row has_scroll_effects has_translate_y has_scale height_custom width_full with_img\"><div class=\"l-section-img\" role=\"img\" data-img-width=\"1064\" data-img-height=\"700\" style=\"background-image: url(https:\/\/www.fikrialem.com.tr\/wp-content\/uploads\/2024\/03\/weare-img.jpg);\"><\/div><div class=\"l-section-h i-cf\"><div class=\"g-cols vc_row via_grid cols_1 laptops-cols_inherit tablets-cols_inherit mobiles-cols_1 valign_top type_default stacking_default\"><div data-us-scroll=\"{&quot;from_initial_position&quot;:&quot;0&quot;,&quot;start_position&quot;:&quot;0%&quot;,&quot;end_position&quot;:&quot;100%&quot;,&quot;delay&quot;:&quot;0.1s&quot;}\" class=\"wpb_column vc_column_container has_scroll_effects\"><div class=\"vc_column-inner\"><div class=\"w-separator size_custom\" style=\"height:300px\" id=\"o4ff\"><style>@media(max-width:600px){ #o4ff{height:100px!important}}<\/style><\/div><h1 class=\"w-post-elm post_title us_custom_6df4bc3a has_text_color align_center entry-title\">BLOG<\/h1><div class=\"w-separator size_custom\" style=\"height:300px\" id=\"ycec\"><style>@media(max-width:600px){ #ycec{height:100px!important}}<\/style><\/div><\/div><\/div><\/div><\/div><\/section><section class=\"l-section wpb_row height_custom\"><div class=\"l-section-h i-cf\"><div class=\"g-cols vc_row via_grid cols_1 laptops-cols_inherit tablets-cols_inherit mobiles-cols_1 valign_top type_default stacking_default\"><div class=\"wpb_column vc_column_container\"><div class=\"vc_column-inner\"><div class=\"w-grid type_grid layout_8411 pagination_infinite overflow_hidden\" id=\"us_grid_1\" style=\"--gap:1.5rem;\" data-filterable=\"true\"><style>.layout_8411 .w-grid-item-h{}.layout_8411 .usg_post_image_1{width:50%!important}.layout_8411 .usg_vwrapper_1{width:50%!important}.layout_8411 .usg_post_title_1{color:#302DA0!important;font-weight:700!important;padding-right:1.5rem!important}.layout_8411 .usg_post_content_1{font-size:0.9rem!important;line-height:1.6!important;padding-right:1.5rem!important}.layout_8411 .usg_text_1{font-size:14px!important;line-height:1.2!important;font-weight:300!important;padding-top:1.5rem!important;padding-right:1.5rem!important}@media (min-width:1025px) and (max-width:1280px){.layout_8411 .usg_post_image_1{width:50%!important}.layout_8411 .usg_vwrapper_1{width:50%!important}}@media (min-width:601px) and (max-width:1024px){.layout_8411 .usg_post_image_1{width:50%!important}.layout_8411 .usg_vwrapper_1{width:50%!important}}@media (max-width:600px){.layout_8411 .usg_post_image_1{width:100%!important}.layout_8411 .usg_vwrapper_1{width:100%!important}}<\/style><div class=\"w-grid-list\">\t<article class=\"w-grid-item size_1x1 post-10246 post type-post status-publish format-standard has-post-thumbnail hentry category-genel\" data-id=\"10246\">\r\n\t\t<div class=\"w-grid-item-h\">\r\n\t\t\t\t\t\t\t<a href=\"https:\/\/www.fikrialem.com.tr\/tr\/reklam-ajanslari\/\" class=\"w-grid-item-anchor\" aria-label=\"REKLAM AJANSLARI\"><\/a>\r\n\t\t\t\t\t\t<div class=\"w-hwrapper usg_hwrapper_1 align_none valign_middle stack_on_mobiles\"><div class=\"w-vwrapper usg_vwrapper_1 align_right valign_top\"><h2 class=\"w-post-elm post_title usg_post_title_1 has_text_color entry-title color_link_inherit\"><a href=\"https:\/\/www.fikrialem.com.tr\/tr\/reklam-ajanslari\/\">REKLAM AJANSLARI<\/a><\/h2><div class=\"w-post-elm post_content usg_post_content_1\"><p>Reklam ajanslar\u0131, markalar\u0131n tan\u0131t\u0131m\u0131n\u0131 yapmak, hedef kitleye ula\u015fmalar\u0131n\u0131 sa\u011flamak ve sat\u0131\u015flar\u0131n\u0131 art\u0131rmak i\u00e7in yarat\u0131c\u0131 ve stratejik \u00e7\u00f6z\u00fcmler sunan profesyonel firmalard\u0131r. Bir reklam ajans\u0131n\u0131n sundu\u011fu hizmetler, markalar\u0131n pazarlama ihtiya\u00e7lar\u0131na g\u00f6re geni\u015f bir yelpazeye yay\u0131labilir. \u0130\u015fte reklam ajanslar\u0131n\u0131n temel olarak yapt\u0131\u011f\u0131 i\u015fler:<\/p>\n<\/div><div class=\"w-text usg_text_1 icon_atright\"><a href=\"https:\/\/www.fikrialem.com.tr\/tr\/reklam-ajanslari\/\" class=\"w-text-h\"><span class=\"w-text-value\">VIEW<\/span><i class=\"fal fa-chevron-right\"><\/i><\/a><\/div><\/div><div class=\"w-post-elm post_image usg_post_image_1 has_width has_ratio\"><a href=\"https:\/\/www.fikrialem.com.tr\/tr\/reklam-ajanslari\/\" aria-label=\"REKLAM AJANSLARI\"><img loading=\"lazy\" decoding=\"async\" width=\"1024\" height=\"691\" src=\"https:\/\/www.fikrialem.com.tr\/wp-content\/uploads\/2025\/04\/asdasd-1024x691.jpg\" class=\"attachment-large size-large wp-post-image\" alt=\"\" srcset=\"https:\/\/www.fikrialem.com.tr\/wp-content\/uploads\/2025\/04\/asdasd-1024x691.jpg 1024w, https:\/\/www.fikrialem.com.tr\/wp-content\/uploads\/2025\/04\/asdasd-300x203.jpg 300w, https:\/\/www.fikrialem.com.tr\/wp-content\/uploads\/2025\/04\/asdasd.jpg 1200w\" sizes=\"auto, (max-width: 1024px) 100vw, 1024px\" \/><\/a><div style=\"padding-bottom:65.8537%\"><\/div><\/div><\/div>\t\t<\/div>\r\n\t\t\t<\/article>\r\n\t<article class=\"w-grid-item size_1x1 post-10213 post type-post status-publish format-standard has-post-thumbnail hentry category-genel\" data-id=\"10213\">\r\n\t\t<div class=\"w-grid-item-h\">\r\n\t\t\t\t\t\t\t<a href=\"https:\/\/www.fikrialem.com.tr\/tr\/gazete-ilanlari\/\" class=\"w-grid-item-anchor\" aria-label=\"GAZETE \u0130LANLARI\"><\/a>\r\n\t\t\t\t\t\t<div class=\"w-hwrapper usg_hwrapper_1 align_none valign_middle stack_on_mobiles\"><div class=\"w-vwrapper usg_vwrapper_1 align_right valign_top\"><h2 class=\"w-post-elm post_title usg_post_title_1 has_text_color entry-title color_link_inherit\"><a href=\"https:\/\/www.fikrialem.com.tr\/tr\/gazete-ilanlari\/\">GAZETE \u0130LANLARI<\/a><\/h2><div class=\"w-post-elm post_content usg_post_content_1\"><p>Gazetelere farkl\u0131 t\u00fcrlerde ilanlar verilmektedir. Reklam ama\u00e7l\u0131 ticari ilanlar, vefat ve ba\u015fsa\u011fl\u0131\u011f\u0131 ilanlar\u0131, anma ilanlar\u0131, kay\u0131p ilanlar\u0131, insan kaynaklar\u0131 ilanlar\u0131, duyuru ilanlar\u0131 bunlar\u0131n ba\u015f\u0131nda gelmektedir. Belediyeler, \u00dcniversiteler, Kamu Kurumlar\u0131 gibi baz\u0131 kurumlar\u0131n ilanlar\u0131 Bas\u0131n \u0130lan Kurumu (B\u0130K) kurallar\u0131na tabi olup burada \u00f6zel bir s\u00fcre\u00e7 y\u00fcr\u00fct\u00fclmektedir.<\/p>\n<\/div><div class=\"w-text usg_text_1 icon_atright\"><a href=\"https:\/\/www.fikrialem.com.tr\/tr\/gazete-ilanlari\/\" class=\"w-text-h\"><span class=\"w-text-value\">VIEW<\/span><i class=\"fal fa-chevron-right\"><\/i><\/a><\/div><\/div><div class=\"w-post-elm post_image usg_post_image_1 has_width has_ratio\"><a href=\"https:\/\/www.fikrialem.com.tr\/tr\/gazete-ilanlari\/\" aria-label=\"GAZETE \u0130LANLARI\"><img loading=\"lazy\" decoding=\"async\" width=\"1024\" height=\"683\" src=\"https:\/\/www.fikrialem.com.tr\/wp-content\/uploads\/2025\/04\/gazete-kapak-img-1024x683.jpg\" class=\"attachment-large size-large wp-post-image\" alt=\"\" srcset=\"https:\/\/www.fikrialem.com.tr\/wp-content\/uploads\/2025\/04\/gazete-kapak-img-1024x683.jpg 1024w, https:\/\/www.fikrialem.com.tr\/wp-content\/uploads\/2025\/04\/gazete-kapak-img-300x200.jpg 300w, https:\/\/www.fikrialem.com.tr\/wp-content\/uploads\/2025\/04\/gazete-kapak-img.jpg 1200w\" sizes=\"auto, (max-width: 1024px) 100vw, 1024px\" \/><\/a><div style=\"padding-bottom:65.8537%\"><\/div><\/div><\/div>\t\t<\/div>\r\n\t\t\t<\/article>\r\n\t<article class=\"w-grid-item size_1x1 post-9977 post type-post status-publish format-standard has-post-thumbnail hentry category-genel\" data-id=\"9977\">\r\n\t\t<div class=\"w-grid-item-h\">\r\n\t\t\t\t\t\t\t<a href=\"https:\/\/www.fikrialem.com.tr\/tr\/acikhava\/\" class=\"w-grid-item-anchor\" aria-label=\"A\u00c7IKHAVA\"><\/a>\r\n\t\t\t\t\t\t<div class=\"w-hwrapper usg_hwrapper_1 align_none valign_middle stack_on_mobiles\"><div class=\"w-vwrapper usg_vwrapper_1 align_right valign_top\"><h2 class=\"w-post-elm post_title usg_post_title_1 has_text_color entry-title color_link_inherit\"><a href=\"https:\/\/www.fikrialem.com.tr\/tr\/acikhava\/\">A\u00c7IKHAVA<\/a><\/h2><div class=\"w-post-elm post_content usg_post_content_1\"><p>Ankara a\u00e7\u0131khava k\u00f6pr\u00fc al\u0131nl\u0131k reklamlar\u0131 Ankara\u2019da bulunan \u00fcst ge\u00e7itler, alt ge\u00e7itler, k\u00f6pr\u00fcler gibi halihaz\u0131rda mevcut belediyeye ait hizmet alanlar\u0131n\u0131 reklamlarla de\u011ferlendirerek yaya ve s\u00fcr\u00fcc\u00fclere markalar\u0131n reklamlar\u0131n\u0131, mesajlar\u0131n\u0131 iletmeyi ama\u00e7layan reklam mecralar\u0131d\u0131r.<\/p>\n<\/div><div class=\"w-text usg_text_1 icon_atright\"><a href=\"https:\/\/www.fikrialem.com.tr\/tr\/acikhava\/\" class=\"w-text-h\"><span class=\"w-text-value\">VIEW<\/span><i class=\"fal fa-chevron-right\"><\/i><\/a><\/div><\/div><div class=\"w-post-elm post_image usg_post_image_1 has_width has_ratio\"><a href=\"https:\/\/www.fikrialem.com.tr\/tr\/acikhava\/\" aria-label=\"A\u00c7IKHAVA\"><img loading=\"lazy\" decoding=\"async\" width=\"1024\" height=\"691\" src=\"https:\/\/www.fikrialem.com.tr\/wp-content\/uploads\/2024\/04\/acik-hava-kapak-1024x691.jpg\" class=\"attachment-large size-large wp-post-image\" alt=\"\" srcset=\"https:\/\/www.fikrialem.com.tr\/wp-content\/uploads\/2024\/04\/acik-hava-kapak-1024x691.jpg 1024w, https:\/\/www.fikrialem.com.tr\/wp-content\/uploads\/2024\/04\/acik-hava-kapak-300x203.jpg 300w, https:\/\/www.fikrialem.com.tr\/wp-content\/uploads\/2024\/04\/acik-hava-kapak.jpg 1200w\" sizes=\"auto, (max-width: 1024px) 100vw, 1024px\" \/><\/a><div style=\"padding-bottom:65.8537%\"><\/div><\/div><\/div>\t\t<\/div>\r\n\t\t\t<\/article>\r\n\t<article class=\"w-grid-item size_1x1 post-9978 post type-post status-publish format-standard has-post-thumbnail hentry category-uncategorized-tr\" data-id=\"9978\">\r\n\t\t<div class=\"w-grid-item-h\">\r\n\t\t\t\t\t\t\t<a href=\"https:\/\/www.fikrialem.com.tr\/tr\/programatik-reklamcilik\/\" class=\"w-grid-item-anchor\" aria-label=\"PROGRAMAT\u0130K REKLAMCILIK\"><\/a>\r\n\t\t\t\t\t\t<div class=\"w-hwrapper usg_hwrapper_1 align_none valign_middle stack_on_mobiles\"><div class=\"w-vwrapper usg_vwrapper_1 align_right valign_top\"><h2 class=\"w-post-elm post_title usg_post_title_1 has_text_color entry-title color_link_inherit\"><a href=\"https:\/\/www.fikrialem.com.tr\/tr\/programatik-reklamcilik\/\">PROGRAMAT\u0130K REKLAMCILIK<\/a><\/h2><div class=\"w-post-elm post_content usg_post_content_1\"><p>Programatik reklam, internet \u00fczerinden otomatik olarak sat\u0131n al\u0131nan ve y\u00f6netilen reklam t\u00fcr\u00fcd\u00fcr. Bu reklam t\u00fcr\u00fcnde, reklamverenler ve yay\u0131nc\u0131lar genellikle bir arac\u0131 olan bir programatik reklam platformunu kullanarak reklam alanlar\u0131n\u0131 sat\u0131n al\u0131p satarlar. <\/p>\n<\/div><div class=\"w-text usg_text_1 icon_atright\"><a href=\"https:\/\/www.fikrialem.com.tr\/tr\/programatik-reklamcilik\/\" class=\"w-text-h\"><span class=\"w-text-value\">VIEW<\/span><i class=\"fal fa-chevron-right\"><\/i><\/a><\/div><\/div><div class=\"w-post-elm post_image usg_post_image_1 has_width has_ratio\"><a href=\"https:\/\/www.fikrialem.com.tr\/tr\/programatik-reklamcilik\/\" aria-label=\"PROGRAMAT\u0130K REKLAMCILIK\"><img loading=\"lazy\" decoding=\"async\" width=\"1024\" height=\"691\" src=\"https:\/\/www.fikrialem.com.tr\/wp-content\/uploads\/2024\/04\/programatik-reklamcilik-kapak-1024x691.jpg\" class=\"attachment-large size-large wp-post-image\" alt=\"\" srcset=\"https:\/\/www.fikrialem.com.tr\/wp-content\/uploads\/2024\/04\/programatik-reklamcilik-kapak-1024x691.jpg 1024w, https:\/\/www.fikrialem.com.tr\/wp-content\/uploads\/2024\/04\/programatik-reklamcilik-kapak-300x203.jpg 300w, https:\/\/www.fikrialem.com.tr\/wp-content\/uploads\/2024\/04\/programatik-reklamcilik-kapak.jpg 1200w\" sizes=\"auto, (max-width: 1024px) 100vw, 1024px\" \/><\/a><div style=\"padding-bottom:65.8537%\"><\/div><\/div><\/div>\t\t<\/div>\r\n\t\t\t<\/article>\r\n\t<article class=\"w-grid-item size_1x1 post-9979 post type-post status-publish format-standard has-post-thumbnail hentry category-uncategorized-tr\" data-id=\"9979\">\r\n\t\t<div class=\"w-grid-item-h\">\r\n\t\t\t\t\t\t\t<a href=\"https:\/\/www.fikrialem.com.tr\/tr\/programatik-televizyon-tv-reklamlari\/\" class=\"w-grid-item-anchor\" aria-label=\"PROGRAMAT\u0130K TELEV\u0130ZYON (TV) REKLAMLARI\"><\/a>\r\n\t\t\t\t\t\t<div class=\"w-hwrapper usg_hwrapper_1 align_none valign_middle stack_on_mobiles\"><div class=\"w-vwrapper usg_vwrapper_1 align_right valign_top\"><h2 class=\"w-post-elm post_title usg_post_title_1 has_text_color entry-title color_link_inherit\"><a href=\"https:\/\/www.fikrialem.com.tr\/tr\/programatik-televizyon-tv-reklamlari\/\">PROGRAMAT\u0130K TELEV\u0130ZYON (TV) REKLAMLARI<\/a><\/h2><div class=\"w-post-elm post_content usg_post_content_1\"><p>Ana ak\u0131m kanallarda (TV8, NTV, CNN, ATV, A Haber, KanalD, Star, Show, Fox, TRT, Minika Go) detayl\u0131 hedefleme se\u00e7enekleriyle reklam\u0131n\u0131z\u0131 yay\u0131nl\u0131yoruz.<\/p>\n<\/div><div class=\"w-text usg_text_1 icon_atright\"><a href=\"https:\/\/www.fikrialem.com.tr\/tr\/programatik-televizyon-tv-reklamlari\/\" class=\"w-text-h\"><span class=\"w-text-value\">VIEW<\/span><i class=\"fal fa-chevron-right\"><\/i><\/a><\/div><\/div><div class=\"w-post-elm post_image usg_post_image_1 has_width has_ratio\"><a href=\"https:\/\/www.fikrialem.com.tr\/tr\/programatik-televizyon-tv-reklamlari\/\" aria-label=\"PROGRAMAT\u0130K TELEV\u0130ZYON (TV) REKLAMLARI\"><img loading=\"lazy\" decoding=\"async\" width=\"1024\" height=\"691\" src=\"https:\/\/www.fikrialem.com.tr\/wp-content\/uploads\/2024\/04\/programatik-tv-reklamlari-kapak-1024x691.jpg\" class=\"attachment-large size-large wp-post-image\" alt=\"\" srcset=\"https:\/\/www.fikrialem.com.tr\/wp-content\/uploads\/2024\/04\/programatik-tv-reklamlari-kapak-1024x691.jpg 1024w, https:\/\/www.fikrialem.com.tr\/wp-content\/uploads\/2024\/04\/programatik-tv-reklamlari-kapak-300x203.jpg 300w, https:\/\/www.fikrialem.com.tr\/wp-content\/uploads\/2024\/04\/programatik-tv-reklamlari-kapak.jpg 1200w\" sizes=\"auto, (max-width: 1024px) 100vw, 1024px\" \/><\/a><div style=\"padding-bottom:65.8537%\"><\/div><\/div><\/div>\t\t<\/div>\r\n\t\t\t<\/article>\r\n<\/div><div class=\"w-grid-preloader\">\t<div class=\"g-preloader type_custom\">\r\n\t\t<div><img loading=\"lazy\" decoding=\"async\" width=\"300\" height=\"300\" src=\"https:\/\/www.fikrialem.com.tr\/wp-content\/uploads\/2024\/06\/0wat-img.svg\" class=\"attachment-medium size-medium\" alt=\"\" \/><\/div>\r\n\t<\/div>\r\n\t<\/div>\t<div class=\"w-grid-json hidden\" onclick='return {&quot;action&quot;:&quot;us_ajax_grid&quot;,&quot;infinite_scroll&quot;:0,&quot;max_num_pages&quot;:1,&quot;pagination&quot;:&quot;infinite&quot;,&quot;template_vars&quot;:{&quot;columns&quot;:&quot;1&quot;,&quot;exclude_items&quot;:&quot;none&quot;,&quot;img_size&quot;:&quot;default&quot;,&quot;ignore_items_size&quot;:0,&quot;items_layout&quot;:&quot;8411&quot;,&quot;items_offset&quot;:&quot;1&quot;,&quot;load_animation&quot;:&quot;none&quot;,&quot;overriding_link&quot;:&quot;%7B%22type%22%3A%22post%22%7D&quot;,&quot;post_id&quot;:0,&quot;query_args&quot;:{&quot;post_type&quot;:[&quot;post&quot;],&quot;post_status&quot;:[&quot;publish&quot;,&quot;acf-disabled&quot;],&quot;posts_per_page&quot;:&quot;10&quot;},&quot;orderby_query_args&quot;:{&quot;orderby&quot;:{&quot;date&quot;:&quot;DESC&quot;}},&quot;type&quot;:&quot;grid&quot;,&quot;us_grid_post_type&quot;:&quot;post&quot;,&quot;us_grid_ajax_index&quot;:1,&quot;us_grid_filter_query_string&quot;:null,&quot;us_grid_index&quot;:1,&quot;page_args&quot;:[],&quot;lang&quot;:&quot;tr&quot;}}'><\/div>\r\n\t<\/div><\/div><\/div><\/div><\/div><\/section>\n","protected":false},"excerpt":{"rendered":"T\u00fcrkiye\u2019de yakla\u015f\u0131k 10 milyon hane internete ba\u011fl\u0131 televizyon (Adressable TV) kullanmakta. Ankara\u2019daki kullan\u0131c\u0131 hane halk\u0131 say\u0131s\u0131 ise yakla\u015f\u0131k 2.5 milyondur. \u00a0 Ana ak\u0131m kanallarda (TV8, NTV, CNN, ATV, A Haber, KanalD, Star, Show, Fox, TRT, Minika Go) detayl\u0131 hedefleme se\u00e7enekleriyle reklam\u0131n\u0131z\u0131 yay\u0131nl\u0131yoruz. Hedefleme Se\u00e7enekleri: Co\u011frafi hedefleme, demografik hedefleme, ilgi alan\u0131 hedefleme, zaman odakl\u0131 hedefleme Reklam...","protected":false},"author":1,"featured_media":0,"parent":0,"menu_order":0,"comment_status":"closed","ping_status":"closed","template":"","meta":{"_acf_changed":false,"footnotes":""},"class_list":["post-9993","page","type-page","status-publish","hentry"],"acf":[],"_links":{"self":[{"href":"https:\/\/www.fikrialem.com.tr\/tr\/wp-json\/wp\/v2\/pages\/9993","targetHints":{"allow":["GET"]}}],"collection":[{"href":"https:\/\/www.fikrialem.com.tr\/tr\/wp-json\/wp\/v2\/pages"}],"about":[{"href":"https:\/\/www.fikrialem.com.tr\/tr\/wp-json\/wp\/v2\/types\/page"}],"author":[{"embeddable":true,"href":"https:\/\/www.fikrialem.com.tr\/tr\/wp-json\/wp\/v2\/users\/1"}],"replies":[{"embeddable":true,"href":"https:\/\/www.fikrialem.com.tr\/tr\/wp-json\/wp\/v2\/comments?post=9993"}],"version-history":[{"count":1,"href":"https:\/\/www.fikrialem.com.tr\/tr\/wp-json\/wp\/v2\/pages\/9993\/revisions"}],"predecessor-version":[{"id":9994,"href":"https:\/\/www.fikrialem.com.tr\/tr\/wp-json\/wp\/v2\/pages\/9993\/revisions\/9994"}],"wp:attachment":[{"href":"https:\/\/www.fikrialem.com.tr\/tr\/wp-json\/wp\/v2\/media?parent=9993"}],"curies":[{"name":"wp","href":"https:\/\/api.w.org\/{rel}","templated":true}]}}